{"id":1539,"date":"2024-12-19T20:22:45","date_gmt":"2024-12-20T02:22:45","guid":{"rendered":"https:\/\/keystonede.com\/?page_id=1539"},"modified":"2024-12-20T08:46:49","modified_gmt":"2024-12-20T14:46:49","slug":"politicas-de-cookies","status":"publish","type":"page","link":"https:\/\/keystonede.com\/en\/politicas-de-cookies\/","title":{"rendered":"Pol\u00edtica de Cookies"},"content":{"rendered":"<div data-elementor-type=\"wp-page\" data-elementor-id=\"1539\" class=\"elementor elementor-1539\" data-elementor-post-type=\"page\">\n\t\t\t\t\t\t<section class=\"elementor-section elementor-top-section elementor-element elementor-element-cabd6bb elementor-section-boxed elementor-section-height-default elementor-section-height-default\" data-id=\"cabd6bb\" data-element_type=\"section\" data-e-type=\"section\">\n\t\t\t\t\t\t<div class=\"elementor-container elementor-column-gap-no\">\n\t\t\t\t\t<div class=\"elementor-column elementor-col-100 elementor-top-column elementor-element elementor-element-439c1c2\" data-id=\"439c1c2\" data-element_type=\"column\" data-e-type=\"column\">\n\t\t\t<div class=\"elementor-widget-wrap elementor-element-populated\">\n\t\t\t\t\t\t<div class=\"elementor-element elementor-element-1fce70f elementor-widget elementor-widget-heading\" data-id=\"1fce70f\" data-element_type=\"widget\" data-e-type=\"widget\" data-widget_type=\"heading.default\">\n\t\t\t\t<div class=\"elementor-widget-container\">\n\t\t\t\t\t<h1 class=\"elementor-heading-title elementor-size-default\"> <span style=\"color:#006838\">Pol\u00edtica de Cookies<\/span><\/h1>\t\t\t\t<\/div>\n\t\t\t\t<\/div>\n\t\t\t\t<div class=\"elementor-element elementor-element-f3c3d0e elementor-widget elementor-widget-text-editor\" data-id=\"f3c3d0e\" data-element_type=\"widget\" data-e-type=\"widget\" data-widget_type=\"text-editor.default\">\n\t\t\t\t<div class=\"elementor-widget-container\">\n\t\t\t\t\t\t\t\t\t<p>Esta Pol\u00edtica de Cookies explica qu\u00e9 son las cookies, c\u00f3mo las utiliza nuestro sitio web y c\u00f3mo puedes gestionarlas seg\u00fan tus preferencias. Nuestro objetivo es garantizar la transparencia en el uso de tecnolog\u00edas que recopilan informaci\u00f3n mientras navegas en nuestro sitio web.<\/p><p>\u00a0<\/p><h5>\u00bfQu\u00e9 son las cookies?<\/h5><p>Las cookies son peque\u00f1os archivos de texto que se almacenan en tu dispositivo (ordenador, tel\u00e9fono m\u00f3vil, tablet, etc.) cuando visitas un sitio web. Estos archivos permiten al sitio web recordar informaci\u00f3n sobre tu visita, como tus preferencias y configuraciones, para ofrecerte una experiencia personalizada.<\/p><p>\u00a0<\/p><h5>\u00bfC\u00f3mo utilizamos las Cookies?<\/h5><p>Utilizamos cookies propias y de terceros para diversos fines, que se describen a continuaci\u00f3n. No almacenamos informaci\u00f3n personal sensible, como direcciones postales o contrase\u00f1as de cuentas, en las cookies que utilizamos.<\/p><p>\u00a0<\/p><h5>Tipos de cookies que utilizamos<\/h5><p style=\"padding-left: 40px;\"><strong>1. Cookies Esenciales:<\/strong><br \/>Estas cookies son necesarias para el funcionamiento b\u00e1sico del sitio web y no se pueden desactivar en nuestros sistemas. Por ejemplo, permiten gestionar sesiones de usuarios y garantizar la seguridad.<\/p><p style=\"padding-left: 40px;\"><i>Nombre: _scc_session<br \/><\/i>Prop\u00f3sito: Mantener la sesi\u00f3n activa mientras navegas por el sitio.<br \/>Duraci\u00f3n: Hasta el cierre de la sesi\u00f3n.<br \/>Proveedor: Propio.<\/p><p style=\"padding-left: 40px;\"><i>Nombre: wordpress_test_cookie<br \/><\/i>Prop\u00f3sito: Verificar si el navegador permite cookies.<br \/>Duraci\u00f3n: Sesi\u00f3n.<br \/>Proveedor: Propio.<\/p><p style=\"padding-left: 40px;\"><b>2. Cookies de Autenticaci\u00f3n y Seguridad:<br \/><\/b>Estas cookies verifican la identidad del usuario y garantizan la seguridad durante el uso de nuestro sitio.<\/p><p style=\"padding-left: 40px;\"><i>Nombre: wordpress_logged_in<br \/><\/i>Prop\u00f3sito: Identificar si un usuario ha iniciado sesi\u00f3n y mantener su estado.<br \/>Duraci\u00f3n: Sesi\u00f3n.<br \/>Proveedor: Propio.<\/p><p style=\"padding-left: 40px;\"><i>Nombre: wordpress_sec<br \/><\/i>Prop\u00f3sito: Proporcionar seguridad adicional a los usuarios autenticados.<br \/>Duraci\u00f3n: Sesi\u00f3n.<br \/>Proveedor: Propio.<\/p><p style=\"padding-left: 40px;\"><b>3. Cookies de An\u00e1lisis:<br \/><\/b>Estas cookies recopilan informaci\u00f3n sobre c\u00f3mo los usuarios interact\u00faan con el sitio web, permiti\u00e9ndonos mejorar su rendimiento y funcionalidad.<\/p><p style=\"padding-left: 40px;\"><i>Nombre: _tccl_visitor<br \/><\/i>Prop\u00f3sito: Identificar visitantes \u00fanicos y analizar comportamientos de navegaci\u00f3n.<br \/>Duraci\u00f3n: 1 semana.<br \/>Proveedor: Terceros.<\/p><p style=\"padding-left: 40px;\"><i>Nombre: _tccl_visit<br \/><\/i>Prop\u00f3sito: Analizar las visitas al sitio durante la sesi\u00f3n.<br \/>Duraci\u00f3n: Sesi\u00f3n.<br \/>Proveedor: Terceros.<\/p><p style=\"padding-left: 40px;\"><b>4. Cookies de Configuraci\u00f3n del Usuario:<br \/><\/b>Estas cookies permiten recordar tus preferencias en el sitio.<\/p><p style=\"padding-left: 40px;\"><i>Nombre: wp-settings-time-1<br \/><\/i>Prop\u00f3sito: Recordar configuraciones del usuario en la plataforma.<br \/>Duraci\u00f3n: 1 a\u00f1o.<br \/>Proveedor: Propio.<\/p><p>\u00a0<\/p><h5>Consentimiento y Configuraci\u00f3n de Cookies<\/h5><p>Cuando visitas nuestro sitio web por primera vez, se te solicitar\u00e1 tu consentimiento para el uso de cookies, excepto para aquellas que sean estrictamente necesarias. Puedes configurar tus preferencias en cualquier momento a trav\u00e9s de la configuraci\u00f3n de cookies en el navegador que utilices.<\/p><p>\u00a0<\/p><h5>\u00bfC\u00f3mo gestionar o desactivar las cookies?<\/h5><p>Para eliminar las cookies o configurar tu navegador para que las elimine o rechace, consulta las p\u00e1ginas de ayuda de tu navegador:<\/p><p><i>Chrome:<\/i> https:\/\/support.google.com\/accounts\/answer\/32050<br \/>I<i>nternet Explorer:<\/i> http:\/\/support.microsoft.com\/kb\/278835<br \/><i>Firefox:<\/i> https:\/\/support.mozilla.org\/en-US\/kb\/delete-cookies-remove-info-websites-stored<br \/>S<i>afari:<\/i> https:\/\/support.apple.com\/guide\/safari\/manage-cookies-and-website-data-sfri11471\/mac<br \/>Para otros navegadores, consulta la documentaci\u00f3n oficial del mismo.<\/p><p>\u00a0<\/p><h5>Cambios en esta Pol\u00edtica de Cookies<\/h5><p>Nos reservamos el derecho de actualizar esta pol\u00edtica en cualquier momento, de acuerdo con nuevas normativas legales o cambios en el funcionamiento de nuestro sitio web. Te recomendamos revisarla peri\u00f3dicamente para estar informado sobre c\u00f3mo protegemos tu informaci\u00f3n.<\/p><p>\u00a0<\/p><h5>Contact<\/h5><p>Si tienes alguna pregunta sobre esta Pol\u00edtica de Cookies, puedes contactarnos:<\/p><p>Correo electr\u00f3nico: info@keystonede.com<br \/>P\u00e1gina de contacto en nuestro sitio web: https:\/\/keystonede.com\/contacto\/<br \/>Esta pol\u00edtica de cookies ha sido creada con la ayuda del Generador de pol\u00edticas de cookies.<\/p><p>\u00a0<\/p><h5>Cambios en esta Pol\u00edtica de Cookies:<\/h5><p>Nos reservamos el derecho de modificar esta Pol\u00edtica de Cookies en cualquier momento. Cualquier cambio se publicar\u00e1 en esta p\u00e1gina.<\/p>\t\t\t\t\t\t\t\t<\/div>\n\t\t\t\t<\/div>\n\t\t\t\t\t<\/div>\n\t\t<\/div>\n\t\t\t\t\t<\/div>\n\t\t<\/section>\n\t\t\t\t<\/div>","protected":false},"excerpt":{"rendered":"<p>Pol\u00edtica de Cookies Esta Pol\u00edtica de Cookies explica qu\u00e9 son las cookies, c\u00f3mo las utiliza nuestro sitio web y c\u00f3mo puedes gestionarlas seg\u00fan tus preferencias. Nuestro objetivo es garantizar la transparencia en el uso de tecnolog\u00edas que recopilan informaci\u00f3n mientras navegas en nuestro sitio web. \u00a0 \u00bfQu\u00e9 son las cookies? Las cookies son peque\u00f1os archivos [&hellip;]<\/p>\n","protected":false},"author":1,"featured_media":0,"parent":0,"menu_order":0,"comment_status":"closed","ping_status":"closed","template":"","meta":{"_coblocks_attr":"","_coblocks_dimensions":"","_coblocks_responsive_height":"","_coblocks_accordion_ie_support":"","footnotes":""},"class_list":["post-1539","page","type-page","status-publish","hentry"],"yoast_head":"<!-- This site is optimized with the Yoast SEO plugin v27.4 - https:\/\/yoast.com\/product\/yoast-seo-wordpress\/ -->\n<title>Pol\u00edtica de Cookies - Keystone<\/title>\n<meta name=\"robots\" content=\"index, follow, max-snippet:-1, max-image-preview:large, max-video-preview:-1\" \/>\n<link rel=\"canonical\" href=\"https:\/\/keystonede.com\/en\/politicas-de-cookies\/\" \/>\n<meta property=\"og:locale\" content=\"en_US\" \/>\n<meta property=\"og:type\" content=\"article\" \/>\n<meta property=\"og:title\" content=\"Pol\u00edtica de Cookies - Keystone\" \/>\n<meta property=\"og:description\" content=\"Pol\u00edtica de Cookies Esta Pol\u00edtica de Cookies explica qu\u00e9 son las cookies, c\u00f3mo las utiliza nuestro sitio web y c\u00f3mo puedes gestionarlas seg\u00fan tus preferencias. Nuestro objetivo es garantizar la transparencia en el uso de tecnolog\u00edas que recopilan informaci\u00f3n mientras navegas en nuestro sitio web. \u00a0 \u00bfQu\u00e9 son las cookies? Las cookies son peque\u00f1os archivos [&hellip;]\" \/>\n<meta property=\"og:url\" content=\"https:\/\/keystonede.com\/en\/politicas-de-cookies\/\" \/>\n<meta property=\"og:site_name\" content=\"Keystone\" \/>\n<meta property=\"article:modified_time\" content=\"2024-12-20T14:46:49+00:00\" \/>\n<meta name=\"twitter:card\" content=\"summary_large_image\" \/>\n<meta name=\"twitter:label1\" content=\"Est. reading time\" \/>\n\t<meta name=\"twitter:data1\" content=\"3 minutes\" \/>\n<script type=\"application\/ld+json\" class=\"yoast-schema-graph\">{\"@context\":\"https:\\\/\\\/schema.org\",\"@graph\":[{\"@type\":\"WebPage\",\"@id\":\"https:\\\/\\\/keystonede.com\\\/politicas-de-cookies\\\/\",\"url\":\"https:\\\/\\\/keystonede.com\\\/politicas-de-cookies\\\/\",\"name\":\"Pol\u00edtica de Cookies - Keystone\",\"isPartOf\":{\"@id\":\"https:\\\/\\\/keystonede.com\\\/#website\"},\"datePublished\":\"2024-12-20T02:22:45+00:00\",\"dateModified\":\"2024-12-20T14:46:49+00:00\",\"breadcrumb\":{\"@id\":\"https:\\\/\\\/keystonede.com\\\/politicas-de-cookies\\\/#breadcrumb\"},\"inLanguage\":\"en-US\",\"potentialAction\":[{\"@type\":\"ReadAction\",\"target\":[\"https:\\\/\\\/keystonede.com\\\/politicas-de-cookies\\\/\"]}]},{\"@type\":\"BreadcrumbList\",\"@id\":\"https:\\\/\\\/keystonede.com\\\/politicas-de-cookies\\\/#breadcrumb\",\"itemListElement\":[{\"@type\":\"ListItem\",\"position\":1,\"name\":\"Inicio\",\"item\":\"https:\\\/\\\/keystonede.com\\\/\"},{\"@type\":\"ListItem\",\"position\":2,\"name\":\"Pol\u00edtica de Cookies\"}]},{\"@type\":\"WebSite\",\"@id\":\"https:\\\/\\\/keystonede.com\\\/#website\",\"url\":\"https:\\\/\\\/keystonede.com\\\/\",\"name\":\"Keystone\",\"description\":\"Keystone Market Developers LLC\",\"publisher\":{\"@id\":\"https:\\\/\\\/keystonede.com\\\/#organization\"},\"potentialAction\":[{\"@type\":\"SearchAction\",\"target\":{\"@type\":\"EntryPoint\",\"urlTemplate\":\"https:\\\/\\\/keystonede.com\\\/?s={search_term_string}\"},\"query-input\":{\"@type\":\"PropertyValueSpecification\",\"valueRequired\":true,\"valueName\":\"search_term_string\"}}],\"inLanguage\":\"en-US\"},{\"@type\":\"Organization\",\"@id\":\"https:\\\/\\\/keystonede.com\\\/#organization\",\"name\":\"Keystone Market Developers LLC\",\"url\":\"https:\\\/\\\/keystonede.com\\\/\",\"logo\":{\"@type\":\"ImageObject\",\"inLanguage\":\"en-US\",\"@id\":\"https:\\\/\\\/keystonede.com\\\/#\\\/schema\\\/logo\\\/image\\\/\",\"url\":\"https:\\\/\\\/keystonede.com\\\/wp-content\\\/uploads\\\/2024\\\/11\\\/ks_logo_2.svg\",\"contentUrl\":\"https:\\\/\\\/keystonede.com\\\/wp-content\\\/uploads\\\/2024\\\/11\\\/ks_logo_2.svg\",\"width\":350,\"height\":140,\"caption\":\"Keystone Market Developers LLC\"},\"image\":{\"@id\":\"https:\\\/\\\/keystonede.com\\\/#\\\/schema\\\/logo\\\/image\\\/\"}}]}<\/script>\n<!-- \/ Yoast SEO plugin. -->","yoast_head_json":{"title":"Pol\u00edtica de Cookies - Keystone","robots":{"index":"index","follow":"follow","max-snippet":"max-snippet:-1","max-image-preview":"max-image-preview:large","max-video-preview":"max-video-preview:-1"},"canonical":"https:\/\/keystonede.com\/en\/politicas-de-cookies\/","og_locale":"en_US","og_type":"article","og_title":"Pol\u00edtica de Cookies - Keystone","og_description":"Pol\u00edtica de Cookies Esta Pol\u00edtica de Cookies explica qu\u00e9 son las cookies, c\u00f3mo las utiliza nuestro sitio web y c\u00f3mo puedes gestionarlas seg\u00fan tus preferencias. Nuestro objetivo es garantizar la transparencia en el uso de tecnolog\u00edas que recopilan informaci\u00f3n mientras navegas en nuestro sitio web. \u00a0 \u00bfQu\u00e9 son las cookies? Las cookies son peque\u00f1os archivos [&hellip;]","og_url":"https:\/\/keystonede.com\/en\/politicas-de-cookies\/","og_site_name":"Keystone","article_modified_time":"2024-12-20T14:46:49+00:00","twitter_card":"summary_large_image","twitter_misc":{"Est. reading time":"3 minutes"},"schema":{"@context":"https:\/\/schema.org","@graph":[{"@type":"WebPage","@id":"https:\/\/keystonede.com\/politicas-de-cookies\/","url":"https:\/\/keystonede.com\/politicas-de-cookies\/","name":"Pol\u00edtica de Cookies - Keystone","isPartOf":{"@id":"https:\/\/keystonede.com\/#website"},"datePublished":"2024-12-20T02:22:45+00:00","dateModified":"2024-12-20T14:46:49+00:00","breadcrumb":{"@id":"https:\/\/keystonede.com\/politicas-de-cookies\/#breadcrumb"},"inLanguage":"en-US","potentialAction":[{"@type":"ReadAction","target":["https:\/\/keystonede.com\/politicas-de-cookies\/"]}]},{"@type":"BreadcrumbList","@id":"https:\/\/keystonede.com\/politicas-de-cookies\/#breadcrumb","itemListElement":[{"@type":"ListItem","position":1,"name":"Inicio","item":"https:\/\/keystonede.com\/"},{"@type":"ListItem","position":2,"name":"Pol\u00edtica de Cookies"}]},{"@type":"WebSite","@id":"https:\/\/keystonede.com\/#website","url":"https:\/\/keystonede.com\/","name":"Keystone","description":"Keystone Market Developers LLC","publisher":{"@id":"https:\/\/keystonede.com\/#organization"},"potentialAction":[{"@type":"SearchAction","target":{"@type":"EntryPoint","urlTemplate":"https:\/\/keystonede.com\/?s={search_term_string}"},"query-input":{"@type":"PropertyValueSpecification","valueRequired":true,"valueName":"search_term_string"}}],"inLanguage":"en-US"},{"@type":"Organization","@id":"https:\/\/keystonede.com\/#organization","name":"Keystone Market Developers LLC","url":"https:\/\/keystonede.com\/","logo":{"@type":"ImageObject","inLanguage":"en-US","@id":"https:\/\/keystonede.com\/#\/schema\/logo\/image\/","url":"https:\/\/keystonede.com\/wp-content\/uploads\/2024\/11\/ks_logo_2.svg","contentUrl":"https:\/\/keystonede.com\/wp-content\/uploads\/2024\/11\/ks_logo_2.svg","width":350,"height":140,"caption":"Keystone Market Developers LLC"},"image":{"@id":"https:\/\/keystonede.com\/#\/schema\/logo\/image\/"}}]}},"_links":{"self":[{"href":"https:\/\/keystonede.com\/en\/wp-json\/wp\/v2\/pages\/1539","targetHints":{"allow":["GET"]}}],"collection":[{"href":"https:\/\/keystonede.com\/en\/wp-json\/wp\/v2\/pages"}],"about":[{"href":"https:\/\/keystonede.com\/en\/wp-json\/wp\/v2\/types\/page"}],"author":[{"embeddable":true,"href":"https:\/\/keystonede.com\/en\/wp-json\/wp\/v2\/users\/1"}],"replies":[{"embeddable":true,"href":"https:\/\/keystonede.com\/en\/wp-json\/wp\/v2\/comments?post=1539"}],"version-history":[{"count":5,"href":"https:\/\/keystonede.com\/en\/wp-json\/wp\/v2\/pages\/1539\/revisions"}],"predecessor-version":[{"id":1560,"href":"https:\/\/keystonede.com\/en\/wp-json\/wp\/v2\/pages\/1539\/revisions\/1560"}],"wp:attachment":[{"href":"https:\/\/keystonede.com\/en\/wp-json\/wp\/v2\/media?parent=1539"}],"curies":[{"name":"wp","href":"https:\/\/api.w.org\/{rel}","templated":true}]}}